{"id":12151,"date":"2013-06-26T15:35:32","date_gmt":"2013-06-26T15:35:32","guid":{"rendered":"http:\/\/www.ipsnoticias.net\/portuguese\/?page_id=12151"},"modified":"2023-02-06T12:24:17","modified_gmt":"2023-02-06T12:24:17","slug":"quem-somos","status":"publish","type":"page","link":"https:\/\/www.ipsnews.net\/portuguese\/quem-somos\/","title":{"rendered":"Quem Somos"},"content":{"rendered":"<p>A Ag\u00eancia de Not\u00edcias Inter Press Service (IPS), a principal fonte mundial de informa\u00e7\u00e3o sobre temas globais, conta com o apoio de uma rede de jornalistas em mais de cem pa\u00edses.<\/p>\n<p>Seus clientes incluem tr\u00eas mil meios de comunica\u00e7\u00e3o e dezenas de milhares de grupos da sociedade civil, acad\u00eamicos e outros usu\u00e1rios.<\/p>\n<p>A IPS concentra sua cobertura de not\u00edcias nos eventos e processos globais que afetam o desenvolvimento econ\u00f4mico, social e pol\u00edtico dos povos e das na\u00e7\u00f5es.<\/p>\n<p>IPS Am\u00e9rica Latina<br \/>\nLeyenda Patria, 3070\/603<\/p>\n<p>Montevideo, Uruguay<br \/>\ntel: +598 94335705<br \/>\nE-mail: latam[at]ipslatam.net<\/p>\n","protected":false},"excerpt":{"rendered":"<p>A Ag\u00eancia de Not\u00edcias Inter Press Service (IPS), a principal fonte mundial de informa\u00e7\u00e3o sobre temas globais, conta com o apoio de uma rede de jornalistas em mais de cem pa\u00edses. Seus clientes incluem tr\u00eas mil meios de comunica\u00e7\u00e3o e&hellip; <a href=\"https:\/\/www.ipsnews.net\/portuguese\/quem-somos\/\" class=\"more-link\">Continue Reading <span class=\"meta-nav\">&rarr;<\/span><\/a><\/p>\n","protected":false},"author":1031,"featured_media":0,"parent":0,"menu_order":0,"comment_status":"closed","ping_status":"open","template":"","meta":{"footnotes":""},"class_list":["post-12151","page","type-page","status-publish","hentry"],"_links":{"self":[{"href":"https:\/\/www.ipsnews.net\/portuguese\/wp-json\/wp\/v2\/pages\/12151","targetHints":{"allow":["GET"]}}],"collection":[{"href":"https:\/\/www.ipsnews.net\/portuguese\/wp-json\/wp\/v2\/pages"}],"about":[{"href":"https:\/\/www.ipsnews.net\/portuguese\/wp-json\/wp\/v2\/types\/page"}],"author":[{"embeddable":true,"href":"https:\/\/www.ipsnews.net\/portuguese\/wp-json\/wp\/v2\/users\/1031"}],"replies":[{"embeddable":true,"href":"https:\/\/www.ipsnews.net\/portuguese\/wp-json\/wp\/v2\/comments?post=12151"}],"version-history":[{"count":6,"href":"https:\/\/www.ipsnews.net\/portuguese\/wp-json\/wp\/v2\/pages\/12151\/revisions"}],"predecessor-version":[{"id":22847,"href":"https:\/\/www.ipsnews.net\/portuguese\/wp-json\/wp\/v2\/pages\/12151\/revisions\/22847"}],"wp:attachment":[{"href":"https:\/\/www.ipsnews.net\/portuguese\/wp-json\/wp\/v2\/media?parent=12151"}],"curies":[{"name":"wp","href":"https:\/\/api.w.org\/{rel}","templated":true}]}}