{"id":12153,"date":"2013-06-26T15:38:13","date_gmt":"2013-06-26T15:38:13","guid":{"rendered":"http:\/\/www.ipsnoticias.net\/portuguese\/?page_id=12153"},"modified":"2023-02-06T12:26:23","modified_gmt":"2023-02-06T12:26:23","slug":"noticias-en-rss","status":"publish","type":"page","link":"https:\/\/www.ipsnews.net\/portuguese\/noticias-en-rss\/","title":{"rendered":"Noticias en RSS"},"content":{"rendered":"<p>RSS (Really Simple Syndication)<\/p>\n<p>O formato usa a tecnologia XML (Extensible Markup Language) para a publica\u00e7\u00e3o autom\u00e1tica de conte\u00fado e links de um site em outros. Tamb\u00e9m permite o uso de programas conhecidos como leitores RSS ou agregadores, que re\u00fanem o conte\u00fado de diversos sites em uma s\u00f3 interface.<\/p>\n<p>http:\/\/www.ipsnews.net\/portuguese\/feed\/<\/p>\n","protected":false},"excerpt":{"rendered":"<p>RSS (Really Simple Syndication) O formato usa a tecnologia XML (Extensible Markup Language) para a publica\u00e7\u00e3o autom\u00e1tica de conte\u00fado e links de um site em outros. Tamb\u00e9m permite o uso de programas conhecidos como leitores RSS ou agregadores, que re\u00fanem&hellip; <a href=\"https:\/\/www.ipsnews.net\/portuguese\/noticias-en-rss\/\" class=\"more-link\">Continue Reading <span class=\"meta-nav\">&rarr;<\/span><\/a><\/p>\n","protected":false},"author":1031,"featured_media":0,"parent":0,"menu_order":0,"comment_status":"closed","ping_status":"open","template":"","meta":{"footnotes":""},"class_list":["post-12153","page","type-page","status-publish","hentry"],"_links":{"self":[{"href":"https:\/\/www.ipsnews.net\/portuguese\/wp-json\/wp\/v2\/pages\/12153","targetHints":{"allow":["GET"]}}],"collection":[{"href":"https:\/\/www.ipsnews.net\/portuguese\/wp-json\/wp\/v2\/pages"}],"about":[{"href":"https:\/\/www.ipsnews.net\/portuguese\/wp-json\/wp\/v2\/types\/page"}],"author":[{"embeddable":true,"href":"https:\/\/www.ipsnews.net\/portuguese\/wp-json\/wp\/v2\/users\/1031"}],"replies":[{"embeddable":true,"href":"https:\/\/www.ipsnews.net\/portuguese\/wp-json\/wp\/v2\/comments?post=12153"}],"version-history":[{"count":4,"href":"https:\/\/www.ipsnews.net\/portuguese\/wp-json\/wp\/v2\/pages\/12153\/revisions"}],"predecessor-version":[{"id":22849,"href":"https:\/\/www.ipsnews.net\/portuguese\/wp-json\/wp\/v2\/pages\/12153\/revisions\/22849"}],"wp:attachment":[{"href":"https:\/\/www.ipsnews.net\/portuguese\/wp-json\/wp\/v2\/media?parent=12153"}],"curies":[{"name":"wp","href":"https:\/\/api.w.org\/{rel}","templated":true}]}}